{"id":31770,"date":"2024-08-17T18:19:14","date_gmt":"2024-08-17T16:19:14","guid":{"rendered":"https:\/\/new1.msh.solutions\/faq\/"},"modified":"2025-02-24T23:21:23","modified_gmt":"2025-02-24T22:21:23","slug":"faq","status":"publish","type":"page","link":"https:\/\/msh.solutions\/en\/faq\/","title":{"rendered":"FAQ"},"content":{"rendered":"\t\t<div data-elementor-type=\"wp-page\" data-elementor-id=\"31770\" class=\"elementor elementor-31770 elementor-31529\" data-elementor-post-type=\"page\">\n\t\t\t\t<div class=\"elementor-element elementor-element-9b799f6 e-flex e-con-boxed e-con e-parent\" data-id=\"9b799f6\" data-element_type=\"container\" data-settings=\"{&quot;background_background&quot;:&quot;classic&quot;,&quot;background_motion_fx_motion_fx_scrolling&quot;:&quot;yes&quot;,&quot;background_motion_fx_devices&quot;:[&quot;desktop&quot;,&quot;tablet&quot;,&quot;mobile&quot;]}\">\r\n\t\t\t\t\t<div class=\"e-con-inner\">\r\n\t\t\t\t<div class=\"elementor-element elementor-element-5b489c99 elementor-widget__width-initial flex-horizontal-align-default flex-horizontal-align-tablet-default flex-horizontal-align-mobile-default flex-vertical-align-default flex-vertical-align-tablet-default flex-vertical-align-mobile-default elementor-widget elementor-widget-spacer\" data-id=\"5b489c99\" data-element_type=\"widget\" data-widget_type=\"spacer.default\">\n\t\t\t\t<div class=\"elementor-widget-container\">\n\t\t\t\t\t\t\t<div class=\"elementor-spacer\">\n\t\t\t<div class=\"elementor-spacer-inner\"><\/div>\n\t\t<\/div>\n\t\t\t\t\t\t<\/div>\n\t\t\t\t<\/div>\n\t\t<div class=\"elementor-element elementor-element-bc61ef3 e-con-full e-flex e-con e-child\" data-id=\"bc61ef3\" data-element_type=\"container\" data-settings=\"{&quot;background_background&quot;:&quot;classic&quot;}\">\r\n\t\t\t\t<div class=\"elementor-element elementor-element-10455e2 animated-slow flex-horizontal-align-default flex-horizontal-align-tablet-default flex-horizontal-align-mobile-default flex-vertical-align-default flex-vertical-align-tablet-default flex-vertical-align-mobile-default elementor-invisible elementor-widget elementor-widget-heading\" data-id=\"10455e2\" data-element_type=\"widget\" data-settings=\"{&quot;_animation&quot;:&quot;fadeInLeft&quot;}\" data-widget_type=\"heading.default\">\n\t\t\t\t\t<h1 class=\"elementor-heading-title elementor-size-default\">FAQ<\/h1>\t\t\t\t<\/div>\n\t\t\t\t<\/div>\n\t\t\t\t\t<\/div>\n\t\t\t\t<\/div>\n\t\t\t\t<section class=\"elementor-section elementor-top-section elementor-element elementor-element-6386e1c4 elementor-section-boxed elementor-section-height-default elementor-section-height-default\" data-id=\"6386e1c4\" data-element_type=\"section\" data-settings=\"{&quot;background_background&quot;:&quot;classic&quot;,&quot;thegem_custom_css&quot;:&quot;.custom-accordion-08 .gem-tta-panel.gem-tta-active .gem-tta-panel-title &gt; a {\\n    border: 2px solid #00bdd4!important;\\n}&quot;}\">\r\n\t\t\t\t\t\t<div class=\"elementor-container elementor-column-gap-thegem\"><div class=\"elementor-row\">\r\n\t\t\t\t\t<div class=\"elementor-column elementor-col-50 elementor-top-column elementor-element elementor-element-8617272\" data-id=\"8617272\" data-element_type=\"column\" data-settings=\"{&quot;background_background&quot;:&quot;classic&quot;}\">\n\t\t\t<div class=\"elementor-widget-wrap elementor-element-populated\">\n\t\t\t\t\t\t<div class=\"elementor-element elementor-element-2320ebc flex-horizontal-align-default flex-horizontal-align-tablet-default flex-horizontal-align-mobile-default flex-vertical-align-default flex-vertical-align-tablet-default flex-vertical-align-mobile-default elementor-widget elementor-widget-thegem-animated-heading\" data-id=\"2320ebc\" data-element_type=\"widget\" data-widget_type=\"thegem-animated-heading.default\">\n\t\t\t\t<div class=\"elementor-widget-container\">\n\t\t\t\t\t<div class=\"thegem-heading thegem-animated-heading title-h2\" id=\"thegem-heading-2320ebc\"><span class=\"colored\" style=\"color: #FF6600;\">Revenue Management <br \/>\nGlossary<\/span> <\/div><style type=\"text\/css\">#thegem-heading-2320ebc {margin: 0;}<\/style>\t\t\t\t<\/div>\n\t\t\t\t<\/div>\n\t\t\t\t<div class=\"elementor-element elementor-element-5d1e8711 elementor-widget__width-initial elementor-widget-tablet__width-inherit flex-horizontal-align-default flex-horizontal-align-tablet-default flex-horizontal-align-mobile-default flex-vertical-align-default flex-vertical-align-tablet-default flex-vertical-align-mobile-default elementor-widget elementor-widget-thegem-animated-heading\" data-id=\"5d1e8711\" data-element_type=\"widget\" data-widget_type=\"thegem-animated-heading.default\">\n\t\t\t\t<div class=\"elementor-widget-container\">\n\t\t\t\t\t<div class=\"thegem-heading thegem-animated-heading styled-subtitle\" id=\"thegem-heading-5d1e8711\"><span class=\"colored\" style=\"color: #333333;\"> <br \/>\nRevenue Management A - Z  <\/span> <\/div><style type=\"text\/css\">#thegem-heading-5d1e8711 {margin: 0;}<\/style>\t\t\t\t<\/div>\n\t\t\t\t<\/div>\n\t\t\t\t\t<\/div>\n\t\t<\/div>\n\t\t\t\t<div class=\"elementor-column elementor-col-50 elementor-top-column elementor-element elementor-element-4c42564\" data-id=\"4c42564\" data-element_type=\"column\">\n\t\t\t<div class=\"elementor-widget-wrap elementor-element-populated\">\n\t\t\t\t\t\t<div class=\"elementor-element elementor-element-9a38622 flex-horizontal-align-default flex-horizontal-align-tablet-default flex-horizontal-align-mobile-default flex-vertical-align-default flex-vertical-align-tablet-default flex-vertical-align-mobile-default elementor-widget elementor-widget-shortcode\" data-id=\"9a38622\" data-element_type=\"widget\" data-widget_type=\"shortcode.default\">\n\t\t\t\t\t\t\t<div class=\"elementor-shortcode\"><div class=\"mywpglossary\"><div class=\"mywpglossary-letters\"><span class=\"mywpglossary-letter inactive\">#<\/span><a href=\"#mywpglossary-letter-A\" class=\"mywpglossary-letter\">A<\/a><span class=\"mywpglossary-letter inactive\">B<\/span><span class=\"mywpglossary-letter inactive\">C<\/span><span class=\"mywpglossary-letter inactive\">D<\/span><span class=\"mywpglossary-letter inactive\">E<\/span><span class=\"mywpglossary-letter inactive\">F<\/span><span class=\"mywpglossary-letter inactive\">G<\/span><a href=\"#mywpglossary-letter-H\" class=\"mywpglossary-letter\">H<\/a><span class=\"mywpglossary-letter inactive\">I<\/span><span class=\"mywpglossary-letter inactive\">J<\/span><span class=\"mywpglossary-letter inactive\">K<\/span><span class=\"mywpglossary-letter inactive\">L<\/span><span class=\"mywpglossary-letter inactive\">M<\/span><span class=\"mywpglossary-letter inactive\">N<\/span><a href=\"#mywpglossary-letter-O\" class=\"mywpglossary-letter\">O<\/a><a href=\"#mywpglossary-letter-P\" class=\"mywpglossary-letter\">P<\/a><span class=\"mywpglossary-letter inactive\">Q<\/span><a href=\"#mywpglossary-letter-R\" class=\"mywpglossary-letter\">R<\/a><a href=\"#mywpglossary-letter-S\" class=\"mywpglossary-letter\">S<\/a><span class=\"mywpglossary-letter inactive\">T<\/span><span class=\"mywpglossary-letter inactive\">U<\/span><span class=\"mywpglossary-letter inactive\">V<\/span><span class=\"mywpglossary-letter inactive\">W<\/span><span class=\"mywpglossary-letter inactive\">X<\/span><span class=\"mywpglossary-letter inactive\">Y<\/span><span class=\"mywpglossary-letter inactive\">Z<\/span><\/div><div itemscope itemtype=\"https:\/\/schema.org\/DefinedTermSet\" class=\"mywpglossary-list\"><div id=\"mywpglossary-letter-A\" class=\"mywpglossary-list-letter\">A<\/div><div class=\"mywpglossary-letter-content\"><div itemscope itemtype=\"https:\/\/schema.org\/DefinedTerm\" class=\"mywpglossary-list-entry\"><div itemprop=\"name\" id=\"mywpglossary-term-adr-average-daily-rate\" class=\"mywpglossary-list-entry-title\">ADR (Average Daily Rate)<svg xmlns=\"http:\/\/www.w3.org\/2000\/svg\" height=\"24\" viewBox=\"0 0 24 24\" width=\"24\"><path d=\"M0 0h24v24H0V0z\" fill=\"none\"\/><path d=\"M7.41 8.59L12 13.17l4.59-4.58L18 10l-6 6-6-6 1.41-1.41z\"\/><\/svg><\/div><div itemprop=\"description\" class=\"mywpglossary-list-entry-description\" data-glossary=\"mywpglossary-term-adr-average-daily-rate\"><p>\n<p><strong>ADR (Average Daily Rate)<\/strong> ist eine wichtige Kennzahl im Hotelmanagement, die den durchschnittlichen Preis pro verkauften Zimmer an einem bestimmten Tag misst. Sie gibt Aufschluss \u00fcber die Preispolitik und die Umsatzgenerierung eines Hotels.<\/p>\n\n\n\n<h5 class=\"wp-block-heading\">Berechnung des ADR:<\/h5>\n\n\n\n<p>Die Berechnung des ADR erfolgt durch die folgende Formel:<br><br>ADR = Gesamter\u00a0Zimmerumsatz : Anzahl\u00a0der\u00a0verkauften\u00a0Zimmer<\/p>\n\n\n\n<h5 class=\"wp-block-heading\">Beispiel:<\/h5>\n\n\n\n<p>Wenn ein Hotel an einem Tag einen Gesamter Zimmerumsatz von 10.000 Euro erzielt und 100 Zimmer <br>verkauft, betr\u00e4gt der ADR:<br><br> ADR = 10.000\u00a0Euro : 100 = 100\u00a0Euro<\/p>\n\n\n\n<h5 class=\"wp-block-heading\">Bedeutung des ADR:<\/h5>\n\n\n\n<ol class=\"wp-block-list\">\n<li><strong>Umsatzbewertung<\/strong>: ADR hilft Hotelmanagern, den durchschnittlichen Umsatz pro verkauftem Zimmer zu bewerten und Preisstrategien zu optimieren.<\/li>\n\n\n\n<li><strong>Benchmarking<\/strong>: Hotels nutzen ADR, um ihre Preise mit denen von Wettbewerbern zu vergleichen und zu analysieren, ob sie wettbewerbsf\u00e4hig sind.<\/li>\n\n\n\n<li><strong>Nachfrageanalyse<\/strong>: Ver\u00e4nderungen im ADR k\u00f6nnen auf Ver\u00e4nderungen in der Nachfrage oder im Marktumfeld hinweisen.<\/li>\n\n\n\n<li><strong>Entscheidungsfindung<\/strong>: Eine detaillierte Analyse des ADR kann dazu beitragen, Preisentscheidungen zu treffen, die auf saisonalen Trends und Kundensegmenten basieren.<\/li>\n<\/ol>\n\n\n\n<p>Insgesamt ist ADR eine zentrale Kennzahl im Revenue Management, die Hoteliers dabei unterst\u00fctzt, ihre Preisstrategien zu optimieren und die finanzielle Leistung ihres Betriebs zu \u00fcberwachen.<\/p>\n<\/p><\/div><\/div><div itemscope itemtype=\"https:\/\/schema.org\/DefinedTerm\" class=\"mywpglossary-list-entry\"><div itemprop=\"name\" id=\"mywpglossary-term-ameise\" class=\"mywpglossary-list-entry-title\">Ameise<svg xmlns=\"http:\/\/www.w3.org\/2000\/svg\" height=\"24\" viewBox=\"0 0 24 24\" width=\"24\"><path d=\"M0 0h24v24H0V0z\" fill=\"none\"\/><path d=\"M7.41 8.59L12 13.17l4.59-4.58L18 10l-6 6-6-6 1.41-1.41z\"\/><\/svg><\/div><div itemprop=\"description\" class=\"mywpglossary-list-entry-description\" data-glossary=\"mywpglossary-term-ameise\"><p>\n<p>\u201eDie Ameise\u201c beschreibt eine Situation, in der ein Hotel als Marktschlusslicht agiert und dringend Ma\u00dfnahmen ergreifen muss, um seine Marktposition zu verbessern.<\/p>\n\n\n\n<p><\/p>\n<\/p><\/div><\/div><\/div><div id=\"mywpglossary-letter-H\" class=\"mywpglossary-list-letter\">H<\/div><div class=\"mywpglossary-letter-content\"><div itemscope itemtype=\"https:\/\/schema.org\/DefinedTerm\" class=\"mywpglossary-list-entry\"><div itemprop=\"name\" id=\"mywpglossary-term-hund\" class=\"mywpglossary-list-entry-title\">Hund<svg xmlns=\"http:\/\/www.w3.org\/2000\/svg\" height=\"24\" viewBox=\"0 0 24 24\" width=\"24\"><path d=\"M0 0h24v24H0V0z\" fill=\"none\"\/><path d=\"M7.41 8.59L12 13.17l4.59-4.58L18 10l-6 6-6-6 1.41-1.41z\"\/><\/svg><\/div><div itemprop=\"description\" class=\"mywpglossary-list-entry-description\" data-glossary=\"mywpglossary-term-hund\"><p>\n<p>\u201eDer Hund\u201c beschreibt eine Situation, in der ein Hotel als Mitl\u00e4ufer im Markt agiert und seine Marktperformance hinter den Wettbewerbern zur\u00fcckbleibt. Um die Leistung kurzfristig bis mittelfristig zu verbessern, sind gezielte Ma\u00dfnahmen im Revenue Management erforderlich.<\/p>\n\n\n\n<p><\/p>\n<\/p><\/div><\/div><\/div><div id=\"mywpglossary-letter-O\" class=\"mywpglossary-list-letter\">O<\/div><div class=\"mywpglossary-letter-content\"><div itemscope itemtype=\"https:\/\/schema.org\/DefinedTerm\" class=\"mywpglossary-list-entry\"><div itemprop=\"name\" id=\"mywpglossary-term-occ-occupancy\" class=\"mywpglossary-list-entry-title\">OCC Occupancy<svg xmlns=\"http:\/\/www.w3.org\/2000\/svg\" height=\"24\" viewBox=\"0 0 24 24\" width=\"24\"><path d=\"M0 0h24v24H0V0z\" fill=\"none\"\/><path d=\"M7.41 8.59L12 13.17l4.59-4.58L18 10l-6 6-6-6 1.41-1.41z\"\/><\/svg><\/div><div itemprop=\"description\" class=\"mywpglossary-list-entry-description\" data-glossary=\"mywpglossary-term-occ-occupancy\"><p>\n<p>OCC, oder <strong>Occupancy Rate<\/strong> (Auslastungsrate), ist eine wichtige Kennzahl im Hotelmanagement, die den Prozentsatz der belegten Zimmer im Verh\u00e4ltnis zu den verf\u00fcgbaren Zimmern angibt. Diese Kennzahl hilft, die Leistung eines Hotels hinsichtlich seiner Zimmerauslastung zu bewerten.<\/p>\n\n\n\n<h5 class=\"wp-block-heading\">Berechnung der Auslastungsrate (OCC):<\/h5>\n\n\n\n<p>Die Auslastungsrate wird wie folgt berechnet:<br><br>OCC = (belegte\u00a0Zimmer : verf\u00fcgbare\u00a0Zimmer) \u00d7100<\/p>\n\n\n\n<h5 class=\"wp-block-heading\">Beispiel:<\/h5>\n\n\n\n<p>Wenn ein Hotel 100 Zimmer hat und 75 davon belegt sind, betr\u00e4gt die Auslastungsrate:<br><br>OCC = (75 : 100) \u00d7 100 = 75%<\/p>\n\n\n\n<h5 class=\"wp-block-heading\">Bedeutung der OCC Auslastungsrate:<\/h5>\n\n\n\n<ol class=\"wp-block-list\">\n<li><strong>Leistungsindikator<\/strong>: Eine hohe Auslastungsrate zeigt an, dass ein Hotel gut gebucht ist und m\u00f6glicherweise ein attraktives Angebot oder eine starke Nachfrage hat.<br><\/li>\n\n\n\n<li><strong>Preisstrategie<\/strong>: Die Auslastung kann Hotelmanagern helfen, Preisstrategien anzupassen, um die Rentabilit\u00e4t zu maximieren. Bei niedriger Auslastung k\u00f6nnten z. B. Rabatte oder Sonderaktionen angeboten werden.<br><\/li>\n\n\n\n<li><strong>Nachfrageanalyse<\/strong>: Die Auslastungsrate kann Einblicke in saisonale Trends und Marktbedingungen geben, die f\u00fcr die Planung und Prognose wichtig sind.<br><\/li>\n\n\n\n<li><strong>Investitionsentscheidungen<\/strong>: Investoren und Betreiber verwenden die Auslastungsrate, um die wirtschaftliche Gesundheit eines Hotels zu bewerten.<\/li>\n<\/ol>\n\n\n\n<p>Insgesamt ist die Auslastungsrate eine zentrale Kennzahl im Revenue Management, die hilft, die Leistung eines Hotels zu verstehen und strategische Entscheidungen zu treffen.<\/p>\n<\/p><\/div><\/div><\/div><div id=\"mywpglossary-letter-P\" class=\"mywpglossary-list-letter\">P<\/div><div class=\"mywpglossary-letter-content\"><div itemscope itemtype=\"https:\/\/schema.org\/DefinedTerm\" class=\"mywpglossary-list-entry\"><div itemprop=\"name\" id=\"mywpglossary-term-performance-quartett\" class=\"mywpglossary-list-entry-title\">Performance Quartett<svg xmlns=\"http:\/\/www.w3.org\/2000\/svg\" height=\"24\" viewBox=\"0 0 24 24\" width=\"24\"><path d=\"M0 0h24v24H0V0z\" fill=\"none\"\/><path d=\"M7.41 8.59L12 13.17l4.59-4.58L18 10l-6 6-6-6 1.41-1.41z\"\/><\/svg><\/div><div itemprop=\"description\" class=\"mywpglossary-list-entry-description\" data-glossary=\"mywpglossary-term-performance-quartett\"><p>\n<p>Das \u201ePerformance Quartett\u201c im Revenue Management ist ein Modell, das dabei hilft, die Marktpositionierung und den Erfolg eines Unternehmens zu bewerten. Es besteht aus vier zentralen Dimensionen, die die Leistung eines Unternehmens im Revenue Management beeinflussen. Diese Dimensionen sind:<\/p>\n\n\n\n<ol class=\"wp-block-list\">\n<li><strong>Preissetzung<\/strong>: Wie gut das Unternehmen in der Lage ist, Preise strategisch zu gestalten, um die Zahlungsbereitschaft der Kunden optimal auszusch\u00f6pfen. Dies umfasst dynamische Preisgestaltung, Preisdifferenzierung und saisonale Anpassungen.<\/li>\n\n\n\n<li><strong>Kapazit\u00e4tsmanagement<\/strong>: Die Effizienz, mit der das Unternehmen seine verf\u00fcgbaren Ressourcen (wie Zimmer, Tische oder Pl\u00e4tze) verwaltet, um die Auslastung zu maximieren. Hierzu geh\u00f6rt auch die Vermeidung von \u00dcberbuchungen und die Optimierung der Verf\u00fcgbarkeit.<\/li>\n\n\n\n<li><strong>Nachhaltige Nachfragegenerierung<\/strong>: Die F\u00e4higkeit, durch Marketing und Vertriebsstrategien eine kontinuierliche Nachfrage zu schaffen. Dazu geh\u00f6rt die Identifizierung und Ansprache unterschiedlicher Kundensegmente sowie die Nutzung von Vertriebskan\u00e4len.<\/li>\n\n\n\n<li><strong>Datenanalyse und Prognose<\/strong>: Der Einsatz von Datenanalyse, um Markttrends und Kundenverhalten zu verstehen und pr\u00e4zise Prognosen zu erstellen. Dies erm\u00f6glicht informierte Entscheidungen \u00fcber Preisstrategien und Kapazit\u00e4tsplanung.<\/li>\n<\/ol>\n\n\n\n<p>Durch die Betrachtung dieser vier Dimensionen im Performance Quartett k\u00f6nnen Unternehmen im Revenue Management ihre St\u00e4rken und Schw\u00e4chen identifizieren und strategische Anpassungen vornehmen, um ihre Marktposition zu verbessern und die Einnahmen zu maximieren<\/p>\n<\/p><\/div><\/div><div itemscope itemtype=\"https:\/\/schema.org\/DefinedTerm\" class=\"mywpglossary-list-entry\"><div itemprop=\"name\" id=\"mywpglossary-term-platzhirsch\" class=\"mywpglossary-list-entry-title\">Platzhirsch<svg xmlns=\"http:\/\/www.w3.org\/2000\/svg\" height=\"24\" viewBox=\"0 0 24 24\" width=\"24\"><path d=\"M0 0h24v24H0V0z\" fill=\"none\"\/><path d=\"M7.41 8.59L12 13.17l4.59-4.58L18 10l-6 6-6-6 1.41-1.41z\"\/><\/svg><\/div><div itemprop=\"description\" class=\"mywpglossary-list-entry-description\" data-glossary=\"mywpglossary-term-platzhirsch\"><p>\n<p>In der Hotelbranche bezeichnet der Begriff \u201ePlatzhirsch\u201c oft ein besonders starkes und etabliertes Hotel in einem bestimmten Markt oder Gebiet, das eine dominierende Rolle spielt. Es ist in der Regel das bekannteste oder am meisten frequentierte Hotel, das durch seine Lage, Qualit\u00e4t oder Dienstleistungen heraussticht.<\/p>\n\n\n\n<p>Im Kontext von Revenue Management bezieht sich der Platzhirsch auf das Hotel, das den gr\u00f6\u00dften Marktanteil hat und oft als Benchmark f\u00fcr andere Hotels dient, wenn es um Preisgestaltung, Belegung und Einnahmen geht. Dieses Hotel hat normalerweise die besten Voraussetzungen, um hohe Preise durchzusetzen und eine stabile Nachfrage aufrechtzuerhalten.<\/p>\n\n\n\n<p><\/p>\n<\/p><\/div><\/div><\/div><div id=\"mywpglossary-letter-R\" class=\"mywpglossary-list-letter\">R<\/div><div class=\"mywpglossary-letter-content\"><div itemscope itemtype=\"https:\/\/schema.org\/DefinedTerm\" class=\"mywpglossary-list-entry\"><div itemprop=\"name\" id=\"mywpglossary-term-revenue-management\" class=\"mywpglossary-list-entry-title\">Revenue Management<svg xmlns=\"http:\/\/www.w3.org\/2000\/svg\" height=\"24\" viewBox=\"0 0 24 24\" width=\"24\"><path d=\"M0 0h24v24H0V0z\" fill=\"none\"\/><path d=\"M7.41 8.59L12 13.17l4.59-4.58L18 10l-6 6-6-6 1.41-1.41z\"\/><\/svg><\/div><div itemprop=\"description\" class=\"mywpglossary-list-entry-description\" data-glossary=\"mywpglossary-term-revenue-management\"><p>\n<p>Revenue Management ist eine strategische Methode zur Optimierung des Umsatzes eines Unternehmens, insbesondere in Branchen mit variablen Preisen und begrenztem Angebot, wie der Hotel-, Flug- und Mietwagenbranche. Das Ziel besteht darin, die richtigen Produkte zur richtigen Zeit an die richtigen Kunden zu verkaufen und dabei den maximalen Preis zu erzielen.<\/p>\n\n\n\n<p><\/p>\n<\/p><\/div><\/div><div itemscope itemtype=\"https:\/\/schema.org\/DefinedTerm\" class=\"mywpglossary-list-entry\"><div itemprop=\"name\" id=\"mywpglossary-term-revenue-management-system-rms\" class=\"mywpglossary-list-entry-title\">Revenue Management System RMS<svg xmlns=\"http:\/\/www.w3.org\/2000\/svg\" height=\"24\" viewBox=\"0 0 24 24\" width=\"24\"><path d=\"M0 0h24v24H0V0z\" fill=\"none\"\/><path d=\"M7.41 8.59L12 13.17l4.59-4.58L18 10l-6 6-6-6 1.41-1.41z\"\/><\/svg><\/div><div itemprop=\"description\" class=\"mywpglossary-list-entry-description\" data-glossary=\"mywpglossary-term-revenue-management-system-rms\"><p>\n<p>Ein Revenue Management System (RMS) ist eine spezialisierte Softwarel\u00f6sung, die Unternehmen dabei unterst\u00fctzt, ihre Einnahmen zu maximieren, indem sie Datenanalyse und automatisierte Preisgestaltung nutzt. RMS wird h\u00e4ufig in Branchen wie Gastgewerbe, Fluggesellschaften und Mietwagen eingesetzt. Hier sind einige zentrale Funktionen eines RMS:<\/p>\n\n\n\n<ol class=\"wp-block-list\">\n<li><strong>Datenanalyse<\/strong>: Das System sammelt und analysiert historische Verkaufsdaten, Markttrends und Wettbewerbsinformationen, um fundierte Entscheidungen zu treffen.<\/li>\n\n\n\n<li><strong>Nachfrageprognose<\/strong>: RMS kann zuk\u00fcnftige Nachfrageschwankungen vorhersagen, um optimale Preisstrategien zu entwickeln.<\/li>\n\n\n\n<li><strong>Dynamische Preisgestaltung<\/strong>: Das System passt die Preise in Echtzeit an, basierend auf aktuellen Marktentwicklungen, Auslastung und Buchungsmustern.<\/li>\n\n\n\n<li><strong>Segmentierung<\/strong>: RMS erm\u00f6glicht die Identifizierung und Ansprache verschiedener Kundensegmente, um die Zahlungsbereitschaft gezielt auszusch\u00f6pfen.<\/li>\n\n\n\n<li><strong>Berichterstattung<\/strong>: Es bietet umfassende Berichte und Analysen, die Managern helfen, die Effektivit\u00e4t ihrer Preisstrategien zu bewerten.<\/li>\n<\/ol>\n\n\n\n<p>Durch den Einsatz eines RMS k\u00f6nnen Unternehmen ihre Umsatzstrategie optimieren, die Auslastung erh\u00f6hen und letztlich die Rentabilit\u00e4t steigern.<\/p>\n<\/p><\/div><\/div><div itemscope itemtype=\"https:\/\/schema.org\/DefinedTerm\" class=\"mywpglossary-list-entry\"><div itemprop=\"name\" id=\"mywpglossary-term-revpar-revenue-per-available-room\" class=\"mywpglossary-list-entry-title\">RevPAR (Revenue per Available Room)<svg xmlns=\"http:\/\/www.w3.org\/2000\/svg\" height=\"24\" viewBox=\"0 0 24 24\" width=\"24\"><path d=\"M0 0h24v24H0V0z\" fill=\"none\"\/><path d=\"M7.41 8.59L12 13.17l4.59-4.58L18 10l-6 6-6-6 1.41-1.41z\"\/><\/svg><\/div><div itemprop=\"description\" class=\"mywpglossary-list-entry-description\" data-glossary=\"mywpglossary-term-revpar-revenue-per-available-room\"><p>\n<p>RevPAR (Revenue per Available Room) ist eine wichtige Kennzahl im Hotelmanagement, die den Umsatz pro verf\u00fcgbarem Zimmer misst. Sie gibt Aufschluss \u00fcber die Leistung eines Hotels in Bezug auf Umsatzgenerierung und ist ein entscheidender Indikator f\u00fcr die Rentabilit\u00e4t.<\/p>\n\n\n\n<p><strong>Berechnung von RevPAR:<\/strong><\/p>\n\n\n\n<p>RevPAR wird auf zwei Arten berechnet:<\/p>\n\n\n\n<ol class=\"wp-block-list\">\n<li><strong>Durchschnittlicher Zimmerpreis (ADR) multipliziert mit der Auslastung:<\/strong><br><br>RevPAR = ADR \u00d7 Auslastung<br><br>Dabei ist die Auslastung der Prozentsatz der verkauften Zimmer im Verh\u00e4ltnis zu den verf\u00fcgbaren Zimmern.<br><br><\/li>\n\n\n\n<li><strong>Gesamter Zimmerumsatz geteilt durch die Anzahl der verf\u00fcgbaren Zimmer:<\/strong><br><br>RevPAR = Gesamter\u00a0Zimmerumsatz : Verf\u00fcgbare\u00a0Zimmer<\/li>\n<\/ol>\n\n\n\n<p><strong>Bedeutung von RevPAR:<\/strong><\/p>\n\n\n\n<ul class=\"wp-block-list\">\n<li><strong>Performance-Messung<\/strong>: RevPAR hilft Hotelmanagern zu beurteilen, wie gut ihr Hotel im Vergleich zur Konkurrenz abschneidet.<\/li>\n\n\n\n<li><strong>Strategische Entscheidungen<\/strong>: Eine Analyse von RevPAR kann Einblicke in Preisstrategien und Marketingma\u00dfnahmen geben.<\/li>\n\n\n\n<li><strong>Finanzielle Gesundheit<\/strong>: Ein h\u00f6herer RevPAR weist oft auf eine bessere finanzielle Leistung des Hotels hin.<\/li>\n<\/ul>\n\n\n\n<p>Insgesamt ist RevPAR eine zentrale Kennzahl, die Hotels dabei unterst\u00fctzt, ihre Leistung zu \u00fcberwachen und strategische Entscheidungen zur Umsatzoptimierung zu treffen.<\/p>\n<\/p><\/div><\/div><\/div><div id=\"mywpglossary-letter-S\" class=\"mywpglossary-list-letter\">S<\/div><div class=\"mywpglossary-letter-content\"><div itemscope itemtype=\"https:\/\/schema.org\/DefinedTerm\" class=\"mywpglossary-list-entry\"><div itemprop=\"name\" id=\"mywpglossary-term-stier\" class=\"mywpglossary-list-entry-title\">Stier<svg xmlns=\"http:\/\/www.w3.org\/2000\/svg\" height=\"24\" viewBox=\"0 0 24 24\" width=\"24\"><path d=\"M0 0h24v24H0V0z\" fill=\"none\"\/><path d=\"M7.41 8.59L12 13.17l4.59-4.58L18 10l-6 6-6-6 1.41-1.41z\"\/><\/svg><\/div><div itemprop=\"description\" class=\"mywpglossary-list-entry-description\" data-glossary=\"mywpglossary-term-stier\"><p>\n<p>\u201eDer Stier\u201c beschreibt eine starke Marktposition, in der ein Hotel im Wettbewerb erfolgreich ist und darauf abzielt, seine Marktf\u00fchrerschaft weiter auszubauen.<\/p>\n\n\n\n<p><\/p>\n<\/p><\/div><\/div><\/div><\/div><\/div><\/div>\n\t\t\t\t\t\t<\/div>\n\t\t\t\t\t<\/div>\n\t\t<\/div>\n\t\t\t\t\t<\/div><\/div>\r\n\t\t<\/section>\r\n\t\t\t\t<\/div>\n\t\t","protected":false},"excerpt":{"rendered":"<p>FAQ Revenue Management Glossary Revenue Management A &#8211; Z<\/p>\n","protected":false},"author":2,"featured_media":0,"parent":0,"menu_order":0,"comment_status":"closed","ping_status":"closed","template":"","meta":{"footnotes":""},"class_list":["post-31770","page","type-page","status-publish"],"aioseo_notices":[],"_links":{"self":[{"href":"https:\/\/msh.solutions\/en\/wp-json\/wp\/v2\/pages\/31770","targetHints":{"allow":["GET"]}}],"collection":[{"href":"https:\/\/msh.solutions\/en\/wp-json\/wp\/v2\/pages"}],"about":[{"href":"https:\/\/msh.solutions\/en\/wp-json\/wp\/v2\/types\/page"}],"author":[{"embeddable":true,"href":"https:\/\/msh.solutions\/en\/wp-json\/wp\/v2\/users\/2"}],"replies":[{"embeddable":true,"href":"https:\/\/msh.solutions\/en\/wp-json\/wp\/v2\/comments?post=31770"}],"version-history":[{"count":1,"href":"https:\/\/msh.solutions\/en\/wp-json\/wp\/v2\/pages\/31770\/revisions"}],"predecessor-version":[{"id":39168,"href":"https:\/\/msh.solutions\/en\/wp-json\/wp\/v2\/pages\/31770\/revisions\/39168"}],"wp:attachment":[{"href":"https:\/\/msh.solutions\/en\/wp-json\/wp\/v2\/media?parent=31770"}],"curies":[{"name":"wp","href":"https:\/\/api.w.org\/{rel}","templated":true}]}}